{"id":517,"date":"2021-09-30T22:16:07","date_gmt":"2021-09-30T22:16:07","guid":{"rendered":"https:\/\/www.atilanoanllo.com\/productos-gallegos\/?page_id=517"},"modified":"2023-04-17T09:30:13","modified_gmt":"2023-04-17T09:30:13","slug":"fondos-publicos","status":"publish","type":"page","link":"https:\/\/www.atilanoanllo.com\/productos-gallegos\/fondos-publicos\/","title":{"rendered":"Fondos P\u00fablicos"},"content":{"rendered":"<p>[et_pb_section fb_built=\u00bb1&#8243; _builder_version=\u00bb4.16&#8243; _module_preset=\u00bbdefault\u00bb global_colors_info=\u00bb{}\u00bb][et_pb_row _builder_version=\u00bb4.16&#8243; _module_preset=\u00bbdefault\u00bb global_colors_info=\u00bb{}\u00bb][et_pb_column type=\u00bb4_4&#8243; _builder_version=\u00bb4.16&#8243; _module_preset=\u00bbdefault\u00bb global_colors_info=\u00bb{}\u00bb][et_pb_image src=\u00bbhttps:\/\/www.atilanoanllo.com\/productos-gallegos\/wp-content\/uploads\/2022\/12\/werwer.jpg\u00bb title_text=\u00bbwerwer\u00bb _builder_version=\u00bb4.19.2&#8243; _module_preset=\u00bbdefault\u00bb global_colors_info=\u00bb{}\u00bb][\/et_pb_image][\/et_pb_column][\/et_pb_row][et_pb_row _builder_version=\u00bb4.19.2&#8243; _module_preset=\u00bbdefault\u00bb][et_pb_column _builder_version=\u00bb4.19.2&#8243; _module_preset=\u00bbdefault\u00bb type=\u00bb4_4&#8243;][et_pb_text _builder_version=\u00bb4.19.2&#8243; _module_preset=\u00bbdefault\u00bb hover_enabled=\u00bb0&#8243; sticky_enabled=\u00bb0&#8243;]<\/p>\n<h1><strong>XUNTA DE GALICIA<\/strong><\/h1>\n<h2><strong>MR340A &#8211; Ayudas para las inversiones en transformaci\u00f3n y comercializaci\u00f3n de productos agrarios.<\/strong><\/h2>\n<p>Ayudas de la Conseller\u00eda del Medio Rural para las inversiones en transformaci\u00f3n, comercializaci\u00f3n y\/o desarrollo de productos agr\u00edcolas, cofinanciadas por el Fondo Europeo Agr\u00edcola de Desarrollo Rural (Feader), convocadas para el ejercicio presupuestario de 2022 (DOG n\u00ba 25 del 7 de febrero de 2022).<\/p>\n<p>[\/et_pb_text][\/et_pb_column][\/et_pb_row][\/et_pb_section][et_pb_section fb_built=\u00bb1&#8243; admin_label=\u00bbFooter Section\u00bb _builder_version=\u00bb4.16&#8243; use_background_color_gradient=\u00bbon\u00bb background_color_gradient_stops=\u00bb#ffffff 0%|rgba(255,255,255,0.66) 100%\u00bb background_color_gradient_overlays_image=\u00bbon\u00bb background_color_gradient_start=\u00bb#ffffff\u00bb background_color_gradient_end=\u00bbrgba(255,255,255,0.66)\u00bb custom_padding=\u00bb18px|||||\u00bb background_color_gradient_stops_tablet=\u00bb#ffffff 0%|rgba(255,255,255,0.66) 100%\u00bb background_color_gradient_stops_phone=\u00bb#ffffff 0%|rgba(255,255,255,0.66) 100%\u00bb global_module=\u00bb117&#8243; global_colors_info=\u00bb{}\u00bb][et_pb_row _builder_version=\u00bb4.16&#8243; global_colors_info=\u00bb{}\u00bb][et_pb_column type=\u00bb4_4&#8243; _builder_version=\u00bb4.16&#8243; custom_padding=\u00bb|||\u00bb global_colors_info=\u00bb{}\u00bb custom_padding__hover=\u00bb|||\u00bb][et_pb_signup mailchimp_list=\u00bbSlavaET|03dac884f0&#8243; first_name_field=\u00bboff\u00bb last_name_field=\u00bboff\u00bb title=\u00bbDescuentos\u00bb button_text=\u00bbSubscr\u00edbete\u00bb description=\u00bb<\/p>\n<p>D\u00e9janos tu correo para acceder a los mejores descuentos<\/p>\n<p>\u00bb _builder_version=\u00bb4.16&#8243; form_field_background_color=\u00bbrgba(0,0,0,0.12)\u00bb header_font=\u00bbQuattrocento||||||||\u00bb header_text_align=\u00bbleft\u00bb header_font_size=\u00bb60px\u00bb header_line_height=\u00bb1.3em\u00bb body_font=\u00bbQuattrocento||||||||\u00bb body_font_size=\u00bb20px\u00bb body_line_height=\u00bb2.2em\u00bb use_background_color=\u00bboff\u00bb custom_button=\u00bbon\u00bb button_text_size=\u00bb14px\u00bb button_text_color=\u00bb#ffffff\u00bb button_bg_color=\u00bb#b88c49&#8243; button_border_width=\u00bb8px\u00bb button_border_color=\u00bb#b88c49&#8243; button_border_radius=\u00bb0px\u00bb button_letter_spacing=\u00bb4px\u00bb button_font=\u00bbNunito Sans|700||on|||||\u00bb button_icon=\u00bb&#x24;||divi||400&#8243; background_layout=\u00bblight\u00bb header_font_size_tablet=\u00bb40px\u00bb header_font_size_phone=\u00bb\u00bb header_font_size_last_edited=\u00bbon|tablet\u00bb global_colors_info=\u00bb{}\u00bb button_text_size__hover_enabled=\u00bboff\u00bb button_one_text_size__hover_enabled=\u00bboff\u00bb button_two_text_size__hover_enabled=\u00bboff\u00bb button_text_color__hover_enabled=\u00bboff\u00bb button_one_text_color__hover_enabled=\u00bboff\u00bb button_two_text_color__hover_enabled=\u00bboff\u00bb button_border_width__hover_enabled=\u00bboff\u00bb button_one_border_width__hover_enabled=\u00bboff\u00bb button_two_border_width__hover_enabled=\u00bboff\u00bb button_border_color__hover_enabled=\u00bboff\u00bb button_one_border_color__hover_enabled=\u00bboff\u00bb button_two_border_color__hover_enabled=\u00bboff\u00bb button_border_radius__hover_enabled=\u00bboff\u00bb button_one_border_radius__hover_enabled=\u00bboff\u00bb button_two_border_radius__hover_enabled=\u00bboff\u00bb button_letter_spacing__hover_enabled=\u00bboff\u00bb button_one_letter_spacing__hover_enabled=\u00bboff\u00bb button_two_letter_spacing__hover_enabled=\u00bboff\u00bb button_bg_color__hover_enabled=\u00bboff\u00bb button_one_bg_color__hover_enabled=\u00bboff\u00bb button_two_bg_color__hover_enabled=\u00bboff\u00bb]<\/p>\n<p>Class aptent taciti sociosqu ad litora torquent per<\/p>\n<p>[\/et_pb_signup][\/et_pb_column][\/et_pb_row][et_pb_row column_structure=\u00bb1_3,1_3,1_3&#8243; _builder_version=\u00bb4.16&#8243; custom_margin=\u00bb70px|||\u00bb global_colors_info=\u00bb{}\u00bb][et_pb_column type=\u00bb1_3&#8243; _builder_version=\u00bb4.16&#8243; custom_padding=\u00bb|||\u00bb global_colors_info=\u00bb{}\u00bb custom_padding__hover=\u00bb|||\u00bb][et_pb_text admin_label=\u00bbAddress\u00bb _builder_version=\u00bb4.16&#8243; text_font=\u00bbQuattrocento||||||||\u00bb text_font_size=\u00bb18px\u00bb text_line_height=\u00bb1.8em\u00bb header_font=\u00bb||||||||\u00bb header_3_font=\u00bbQuattrocento||||||||\u00bb header_3_text_color=\u00bb#b88c49&#8243; header_3_font_size=\u00bb30px\u00bb header_3_line_height=\u00bb1.3em\u00bb text_orientation=\u00bbcenter\u00bb animation_style=\u00bbfade\u00bb global_colors_info=\u00bb{}\u00bb]<\/p>\n<h3>Estamos en<\/h3>\n<p><span>Pol\u00edgono Sete Pontes, R\u00faa do Casti\u00f1eiro, N\u00b06, 27800 Vilalba, Lugo<\/span><\/p>\n<p>[\/et_pb_text][\/et_pb_column][et_pb_column type=\u00bb1_3&#8243; _builder_version=\u00bb4.16&#8243; custom_padding=\u00bb|||\u00bb global_colors_info=\u00bb{}\u00bb custom_padding__hover=\u00bb|||\u00bb][et_pb_text admin_label=\u00bbPhone\u00bb _builder_version=\u00bb4.16&#8243; text_font=\u00bbQuattrocento||||||||\u00bb text_font_size=\u00bb18px\u00bb text_line_height=\u00bb1.8em\u00bb header_font=\u00bb||||||||\u00bb header_3_font=\u00bbQuattrocento||||||||\u00bb header_3_text_color=\u00bb#b88c49&#8243; header_3_font_size=\u00bb30px\u00bb header_3_line_height=\u00bb1.3em\u00bb text_orientation=\u00bbcenter\u00bb animation_style=\u00bbfade\u00bb locked=\u00bboff\u00bb global_colors_info=\u00bb{}\u00bb]<\/p>\n<h3>Ll\u00e1manos<\/h3>\n<p><span style=\"color: #808080;\"><a data-dtype=\"d3ifr\" data-local-attribute=\"d3ph\" jscontroller=\"cSkPLb\" href=\"https:\/\/www.google.com\/search?q=atilano+anllo&amp;oq=atilano+anllo&amp;aqs=chrome..69i57j35i39j0i22i30l2j69i60l3.2930j0j7&amp;sourceid=chrome&amp;ie=UTF-8#\" jsdata=\"QKGTRc;_;BOTdck\" jsaction=\"rcuQ6b:npT2md;F75qrd\" data-ved=\"2ahUKEwjq8daCqMHwAhUm4YUKHXz4BIoQkAgoADAgegQIKhAD\" style=\"color: #808080;\">982 51 18 48<\/a><\/span><\/p>\n<p>[\/et_pb_text][\/et_pb_column][et_pb_column type=\u00bb1_3&#8243; _builder_version=\u00bb4.16&#8243; custom_padding=\u00bb|||\u00bb global_colors_info=\u00bb{}\u00bb custom_padding__hover=\u00bb|||\u00bb][et_pb_text admin_label=\u00bbEmail\u00bb _builder_version=\u00bb4.16&#8243; text_font=\u00bbQuattrocento||||||||\u00bb text_font_size=\u00bb18px\u00bb text_line_height=\u00bb1.8em\u00bb header_font=\u00bb||||||||\u00bb header_3_font=\u00bbQuattrocento||||||||\u00bb header_3_text_color=\u00bb#b88c49&#8243; header_3_font_size=\u00bb30px\u00bb header_3_line_height=\u00bb1.3em\u00bb text_orientation=\u00bbcenter\u00bb animation_style=\u00bbfade\u00bb locked=\u00bboff\u00bb global_colors_info=\u00bb{}\u00bb]<\/p>\n<h3>Email<\/h3>\n<p>hola@atilanoanllo.com<\/p>\n<p>[\/et_pb_text][\/et_pb_column][\/et_pb_row][\/et_pb_section][et_pb_section fb_built=\u00bb1&#8243; _builder_version=\u00bb4.16&#8243; use_background_color_gradient=\u00bbon\u00bb background_color_gradient_stops=\u00bb#000000 0%|rgba(255,255,255,0) 100%\u00bb background_color_gradient_overlays_image=\u00bbon\u00bb background_color_gradient_start=\u00bb#000000&#8243; background_color_gradient_end=\u00bbrgba(255,255,255,0)\u00bb background_image=\u00bbhttps:\/\/www.atilanoanllo.com\/productos-gallegos\/wp-content\/uploads\/2021\/10\/AtilanoAnllo_CasaLouran-900&#215;400-1.jpg\u00bb background_position=\u00bbtop_center\u00bb custom_padding=\u00bb20%|0px|120px|0px\u00bb background_color_gradient_stops_tablet=\u00bb#000000 0%|rgba(255,255,255,0) 100%\u00bb background_color_gradient_stops_phone=\u00bb#000000 0%|rgba(255,255,255,0) 100%\u00bb global_module=\u00bb118&#8243; saved_tabs=\u00bball\u00bb collapsed=\u00bboff\u00bb global_colors_info=\u00bb{}\u00bb][et_pb_row _builder_version=\u00bb4.16&#8243; collapsed=\u00bboff\u00bb global_colors_info=\u00bb{}\u00bb][et_pb_column type=\u00bb4_4&#8243; _builder_version=\u00bb4.16&#8243; custom_padding=\u00bb|||\u00bb global_colors_info=\u00bb{}\u00bb custom_padding__hover=\u00bb|||\u00bb][et_pb_social_media_follow _builder_version=\u00bb4.16&#8243; text_orientation=\u00bbcenter\u00bb locked=\u00bboff\u00bb global_colors_info=\u00bb{}\u00bb][et_pb_social_media_follow_network social_network=\u00bbfacebook\u00bb url=\u00bbhttps:\/\/www.facebook.com\/JamonesAtilanoAnllo\u00bb _builder_version=\u00bb4.16&#8243; background_color=\u00bbrgba(0,0,0,0.26)\u00bb custom_margin=\u00bb8px|8px|8px|8px\u00bb custom_padding=\u00bb6px|6px|6px|6px\u00bb border_radii=\u00bbon||||\u00bb global_colors_info=\u00bb{}\u00bb follow_button=\u00bboff\u00bb url_new_window=\u00bbon\u00bb]facebook[\/et_pb_social_media_follow_network][et_pb_social_media_follow_network social_network=\u00bbinstagram\u00bb url=\u00bbhttps:\/\/www.instagram.com\/jamonesatilanoanllo\/?hl=es\u00bb _builder_version=\u00bb4.16&#8243; background_color=\u00bbrgba(0,0,0,0.26)\u00bb custom_margin=\u00bb8px|8px|8px|8px\u00bb custom_padding=\u00bb6px|6px|6px|6px\u00bb border_radii=\u00bbon||||\u00bb global_colors_info=\u00bb{}\u00bb follow_button=\u00bboff\u00bb url_new_window=\u00bbon\u00bb]instagram[\/et_pb_social_media_follow_network][\/et_pb_social_media_follow][\/et_pb_column][\/et_pb_row][\/et_pb_section]<\/p>\n","protected":false},"excerpt":{"rendered":"<p>XUNTA DE GALICIA MR340A &#8211; Ayudas para las inversiones en transformaci\u00f3n y comercializaci\u00f3n de productos agrarios. Ayudas de la Conseller\u00eda del Medio Rural para las inversiones en transformaci\u00f3n, comercializaci\u00f3n y\/o desarrollo de productos agr\u00edcolas, cofinanciadas por el Fondo Europeo Agr\u00edcola de Desarrollo Rural (Feader), convocadas para el ejercicio presupuestario de 2022 (DOG n\u00ba 25 del [&hellip;]<\/p>\n","protected":false},"author":1,"featured_media":0,"parent":0,"menu_order":0,"comment_status":"closed","ping_status":"closed","template":"","meta":{"_et_pb_use_builder":"on","_et_pb_old_content":"","_et_gb_content_width":"","footnotes":""},"class_list":["post-517","page","type-page","status-publish","hentry"],"yoast_head":"<!-- This site is optimized with the Yoast SEO plugin v20.5 - https:\/\/yoast.com\/wordpress\/plugins\/seo\/ -->\n<title>Fondos P\u00fablicos - Atilano Anllo<\/title>\n<meta name=\"robots\" content=\"noindex, follow\" \/>\n<meta property=\"og:locale\" content=\"es_ES\" \/>\n<meta property=\"og:type\" content=\"article\" \/>\n<meta property=\"og:title\" content=\"Fondos P\u00fablicos - Atilano Anllo\" \/>\n<meta property=\"og:description\" content=\"XUNTA DE GALICIA MR340A - Ayudas para las inversiones en transformaci\u00f3n y comercializaci\u00f3n de productos agrarios. Ayudas de la Conseller\u00eda del Medio Rural para las inversiones en transformaci\u00f3n, comercializaci\u00f3n y\/o desarrollo de productos agr\u00edcolas, cofinanciadas por el Fondo Europeo Agr\u00edcola de Desarrollo Rural (Feader), convocadas para el ejercicio presupuestario de 2022 (DOG n\u00ba 25 del [&hellip;]\" \/>\n<meta property=\"og:url\" content=\"https:\/\/www.atilanoanllo.com\/productos-gallegos\/fondos-publicos\/\" \/>\n<meta property=\"og:site_name\" content=\"Atilano Anllo\" \/>\n<meta property=\"article:modified_time\" content=\"2023-04-17T09:30:13+00:00\" \/>\n<meta name=\"twitter:card\" content=\"summary_large_image\" \/>\n<meta name=\"twitter:label1\" content=\"Tiempo de lectura\" \/>\n\t<meta name=\"twitter:data1\" content=\"2 minutos\" \/>\n<script type=\"application\/ld+json\" class=\"yoast-schema-graph\">{\"@context\":\"https:\/\/schema.org\",\"@graph\":[{\"@type\":\"WebPage\",\"@id\":\"https:\/\/www.atilanoanllo.com\/productos-gallegos\/fondos-publicos\/\",\"url\":\"https:\/\/www.atilanoanllo.com\/productos-gallegos\/fondos-publicos\/\",\"name\":\"Fondos P\u00fablicos - Atilano Anllo\",\"isPartOf\":{\"@id\":\"https:\/\/www.atilanoanllo.com\/productos-gallegos\/#website\"},\"datePublished\":\"2021-09-30T22:16:07+00:00\",\"dateModified\":\"2023-04-17T09:30:13+00:00\",\"breadcrumb\":{\"@id\":\"https:\/\/www.atilanoanllo.com\/productos-gallegos\/fondos-publicos\/#breadcrumb\"},\"inLanguage\":\"es\",\"potentialAction\":[{\"@type\":\"ReadAction\",\"target\":[\"https:\/\/www.atilanoanllo.com\/productos-gallegos\/fondos-publicos\/\"]}]},{\"@type\":\"BreadcrumbList\",\"@id\":\"https:\/\/www.atilanoanllo.com\/productos-gallegos\/fondos-publicos\/#breadcrumb\",\"itemListElement\":[{\"@type\":\"ListItem\",\"position\":1,\"name\":\"Portada\",\"item\":\"https:\/\/www.atilanoanllo.com\/productos-gallegos\/\"},{\"@type\":\"ListItem\",\"position\":2,\"name\":\"Fondos P\u00fablicos\"}]},{\"@type\":\"WebSite\",\"@id\":\"https:\/\/www.atilanoanllo.com\/productos-gallegos\/#website\",\"url\":\"https:\/\/www.atilanoanllo.com\/productos-gallegos\/\",\"name\":\"Atilano Anllo\",\"description\":\"Tradici&oacute;n Gallega\",\"potentialAction\":[{\"@type\":\"SearchAction\",\"target\":{\"@type\":\"EntryPoint\",\"urlTemplate\":\"https:\/\/www.atilanoanllo.com\/productos-gallegos\/?s={search_term_string}\"},\"query-input\":\"required name=search_term_string\"}],\"inLanguage\":\"es\"}]}<\/script>\n<!-- \/ Yoast SEO plugin. -->","yoast_head_json":{"title":"Fondos P\u00fablicos - Atilano Anllo","robots":{"index":"noindex","follow":"follow"},"og_locale":"es_ES","og_type":"article","og_title":"Fondos P\u00fablicos - Atilano Anllo","og_description":"XUNTA DE GALICIA MR340A - Ayudas para las inversiones en transformaci\u00f3n y comercializaci\u00f3n de productos agrarios. Ayudas de la Conseller\u00eda del Medio Rural para las inversiones en transformaci\u00f3n, comercializaci\u00f3n y\/o desarrollo de productos agr\u00edcolas, cofinanciadas por el Fondo Europeo Agr\u00edcola de Desarrollo Rural (Feader), convocadas para el ejercicio presupuestario de 2022 (DOG n\u00ba 25 del [&hellip;]","og_url":"https:\/\/www.atilanoanllo.com\/productos-gallegos\/fondos-publicos\/","og_site_name":"Atilano Anllo","article_modified_time":"2023-04-17T09:30:13+00:00","twitter_card":"summary_large_image","twitter_misc":{"Tiempo de lectura":"2 minutos"},"schema":{"@context":"https:\/\/schema.org","@graph":[{"@type":"WebPage","@id":"https:\/\/www.atilanoanllo.com\/productos-gallegos\/fondos-publicos\/","url":"https:\/\/www.atilanoanllo.com\/productos-gallegos\/fondos-publicos\/","name":"Fondos P\u00fablicos - Atilano Anllo","isPartOf":{"@id":"https:\/\/www.atilanoanllo.com\/productos-gallegos\/#website"},"datePublished":"2021-09-30T22:16:07+00:00","dateModified":"2023-04-17T09:30:13+00:00","breadcrumb":{"@id":"https:\/\/www.atilanoanllo.com\/productos-gallegos\/fondos-publicos\/#breadcrumb"},"inLanguage":"es","potentialAction":[{"@type":"ReadAction","target":["https:\/\/www.atilanoanllo.com\/productos-gallegos\/fondos-publicos\/"]}]},{"@type":"BreadcrumbList","@id":"https:\/\/www.atilanoanllo.com\/productos-gallegos\/fondos-publicos\/#breadcrumb","itemListElement":[{"@type":"ListItem","position":1,"name":"Portada","item":"https:\/\/www.atilanoanllo.com\/productos-gallegos\/"},{"@type":"ListItem","position":2,"name":"Fondos P\u00fablicos"}]},{"@type":"WebSite","@id":"https:\/\/www.atilanoanllo.com\/productos-gallegos\/#website","url":"https:\/\/www.atilanoanllo.com\/productos-gallegos\/","name":"Atilano Anllo","description":"Tradici&oacute;n Gallega","potentialAction":[{"@type":"SearchAction","target":{"@type":"EntryPoint","urlTemplate":"https:\/\/www.atilanoanllo.com\/productos-gallegos\/?s={search_term_string}"},"query-input":"required name=search_term_string"}],"inLanguage":"es"}]}},"_links":{"self":[{"href":"https:\/\/www.atilanoanllo.com\/productos-gallegos\/wp-json\/wp\/v2\/pages\/517","targetHints":{"allow":["GET"]}}],"collection":[{"href":"https:\/\/www.atilanoanllo.com\/productos-gallegos\/wp-json\/wp\/v2\/pages"}],"about":[{"href":"https:\/\/www.atilanoanllo.com\/productos-gallegos\/wp-json\/wp\/v2\/types\/page"}],"author":[{"embeddable":true,"href":"https:\/\/www.atilanoanllo.com\/productos-gallegos\/wp-json\/wp\/v2\/users\/1"}],"replies":[{"embeddable":true,"href":"https:\/\/www.atilanoanllo.com\/productos-gallegos\/wp-json\/wp\/v2\/comments?post=517"}],"version-history":[{"count":7,"href":"https:\/\/www.atilanoanllo.com\/productos-gallegos\/wp-json\/wp\/v2\/pages\/517\/revisions"}],"predecessor-version":[{"id":1188,"href":"https:\/\/www.atilanoanllo.com\/productos-gallegos\/wp-json\/wp\/v2\/pages\/517\/revisions\/1188"}],"wp:attachment":[{"href":"https:\/\/www.atilanoanllo.com\/productos-gallegos\/wp-json\/wp\/v2\/media?parent=517"}],"curies":[{"name":"wp","href":"https:\/\/api.w.org\/{rel}","templated":true}]}}