{"id":197,"date":"2021-05-20T11:18:47","date_gmt":"2021-05-20T11:18:47","guid":{"rendered":"https:\/\/www.atilanoanllo.com\/productos-gallegos\/?page_id=197"},"modified":"2024-07-18T08:59:56","modified_gmt":"2024-07-18T08:59:56","slug":"contacto-y-situacion","status":"publish","type":"page","link":"https:\/\/www.atilanoanllo.com\/productos-gallegos\/contacto-y-situacion\/","title":{"rendered":"Contacto y Situaci\u00f3n"},"content":{"rendered":"<p>[et_pb_section fb_built=\u00bb1&#8243; admin_label=\u00bbHero Section\u00bb _builder_version=\u00bb4.16&#8243; background_color=\u00bb#000000&#8243; use_background_color_gradient=\u00bbon\u00bb background_color_gradient_stops=\u00bbrgba(0,0,0,0.5) 0%|rgba(0,0,0,0) 100%\u00bb background_color_gradient_start=\u00bbrgba(0,0,0,0.5)\u00bb background_color_gradient_end=\u00bbrgba(0,0,0,0)\u00bb background_image=\u00bbhttps:\/\/www.atilanoanllo.com\/productos-gallegos\/wp-content\/uploads\/2021\/10\/Grandio-AtilanoAnllo-Bodegones-Slider-11-scaled-900&#215;400-1.jpg\u00bb parallax=\u00bbon\u00bb custom_margin=\u00bb|||\u00bb custom_padding=\u00bb8%||8%|\u00bb global_colors_info=\u00bb{}\u00bb][et_pb_row _builder_version=\u00bb4.16&#8243; background_size=\u00bbinitial\u00bb background_position=\u00bbtop_left\u00bb background_repeat=\u00bbrepeat\u00bb global_colors_info=\u00bb{}\u00bb][et_pb_column type=\u00bb4_4&#8243; _builder_version=\u00bb4.16&#8243; custom_padding=\u00bb|||\u00bb global_colors_info=\u00bb{}\u00bb custom_padding__hover=\u00bb|||\u00bb][et_pb_text admin_label=\u00bbTitle\u00bb _builder_version=\u00bb4.16&#8243; text_font=\u00bbQuattrocento||||||||\u00bb text_font_size=\u00bb22px\u00bb text_line_height=\u00bb2em\u00bb header_font=\u00bbQuattrocento|||on|||||\u00bb header_text_align=\u00bbcenter\u00bb header_font_size=\u00bb80px\u00bb header_letter_spacing=\u00bb6px\u00bb header_line_height=\u00bb1.4em\u00bb text_orientation=\u00bbcenter\u00bb background_layout=\u00bbdark\u00bb max_width=\u00bb800px\u00bb module_alignment=\u00bbcenter\u00bb animation_style=\u00bbslide\u00bb animation_direction=\u00bbtop\u00bb animation_intensity_slide=\u00bb3%\u00bb animation_starting_opacity=\u00bb100%\u00bb header_font_size_tablet=\u00bb40px\u00bb header_font_size_phone=\u00bb\u00bb header_font_size_last_edited=\u00bbon|tablet\u00bb global_colors_info=\u00bb{}\u00bb]<\/p>\n<h1>Nos gusta escucharte<\/h1>\n<p>Puedes escribirnos para todo lo que necesites saber o cualquier duda que tengas.<\/p>\n<p>[\/et_pb_text][\/et_pb_column][\/et_pb_row][\/et_pb_section][et_pb_section fb_built=\u00bb1&#8243; admin_label=\u00bbContact Section\u00bb _builder_version=\u00bb4.16&#8243; custom_padding=\u00bb120px||120px|\u00bb global_colors_info=\u00bb{}\u00bb][et_pb_row _builder_version=\u00bb4.16&#8243; background_size=\u00bbinitial\u00bb background_position=\u00bbtop_left\u00bb background_repeat=\u00bbrepeat\u00bb global_colors_info=\u00bb{}\u00bb][et_pb_column type=\u00bb4_4&#8243; _builder_version=\u00bb4.16&#8243; custom_padding=\u00bb|||\u00bb global_colors_info=\u00bb{}\u00bb custom_padding__hover=\u00bb|||\u00bb][et_pb_text admin_label=\u00bbTitle\u00bb _builder_version=\u00bb4.16&#8243; text_font=\u00bb||||||||\u00bb header_font=\u00bb||||||||\u00bb header_line_height=\u00bb1.2em\u00bb header_2_font=\u00bbQuattrocento||||||||\u00bb header_2_font_size=\u00bb60px\u00bb header_2_line_height=\u00bb1.3em\u00bb max_width=\u00bb60%\u00bb custom_margin=\u00bb||10px|\u00bb animation_style=\u00bbfade\u00bb animation_direction=\u00bbleft\u00bb animation_starting_opacity=\u00bb100%\u00bb header_2_font_size_tablet=\u00bb40px\u00bb header_2_font_size_phone=\u00bb\u00bb header_2_font_size_last_edited=\u00bbon|tablet\u00bb global_colors_info=\u00bb{}\u00bb]<\/p>\n<h2>\u00a1Hola!<\/h2>\n<p>[\/et_pb_text][et_pb_text _builder_version=\u00bb4.16&#8243; text_font=\u00bbQuattrocento||||||||\u00bb text_font_size=\u00bb18px\u00bb text_line_height=\u00bb2.2em\u00bb header_font=\u00bb||||||||\u00bb header_2_font=\u00bb||||||||\u00bb max_width=\u00bb700px\u00bb custom_margin=\u00bb|||\u00bb animation_style=\u00bbfade\u00bb animation_direction=\u00bbleft\u00bb animation_starting_opacity=\u00bb100%\u00bb global_colors_info=\u00bb{}\u00bb]<\/p>\n<p>Os dejamos varias formas de contactar con nosotros.<\/p>\n<p>[\/et_pb_text][et_pb_social_media_follow _builder_version=\u00bb4.16&#8243; text_orientation=\u00bbleft\u00bb locked=\u00bboff\u00bb global_colors_info=\u00bb{}\u00bb][et_pb_social_media_follow_network social_network=\u00bbfacebook\u00bb url=\u00bbhttps:\/\/www.facebook.com\/JamonesAtilanoAnllo\u00bb _builder_version=\u00bb4.16&#8243; background_color=\u00bbrgba(0,0,0,0.26)\u00bb custom_margin=\u00bb8px|8px|8px|8px\u00bb custom_padding=\u00bb6px|6px|6px|6px\u00bb border_radii=\u00bbon||||\u00bb global_colors_info=\u00bb{}\u00bb follow_button=\u00bboff\u00bb url_new_window=\u00bbon\u00bb]facebook[\/et_pb_social_media_follow_network][et_pb_social_media_follow_network social_network=\u00bbinstagram\u00bb url=\u00bbhttps:\/\/www.instagram.com\/jamonesatilanoanllo\/?hl=es\u00bb _builder_version=\u00bb4.16&#8243; background_color=\u00bbrgba(0,0,0,0.26)\u00bb custom_margin=\u00bb8px|8px|8px|8px\u00bb custom_padding=\u00bb6px|6px|6px|6px\u00bb border_radii=\u00bbon||||\u00bb global_colors_info=\u00bb{}\u00bb follow_button=\u00bboff\u00bb url_new_window=\u00bbon\u00bb]instagram[\/et_pb_social_media_follow_network][\/et_pb_social_media_follow][\/et_pb_column][\/et_pb_row][et_pb_row column_structure=\u00bb2_3,1_3&#8243; _builder_version=\u00bb4.16&#8243; custom_margin=\u00bb20px|||\u00bb global_colors_info=\u00bb{}\u00bb][et_pb_column type=\u00bb2_3&#8243; _builder_version=\u00bb4.16&#8243; custom_padding=\u00bb|||\u00bb global_colors_info=\u00bb{}\u00bb custom_padding__hover=\u00bb|||\u00bb][et_pb_contact_form email=\u00bbhola@atilanoanllo.com\u00bb submit_button_text=\u00bbEnviar\u00bb module_id=\u00bbet_pb_contact_form_0&#8243; _builder_version=\u00bb4.20.4&#8243; _unique_id=\u00bb621c7908-1fea-4d05-b65d-7b74d039f493&#8243; form_field_background_color=\u00bbrgba(0,0,0,0.05)\u00bb title_font=\u00bb||||||||\u00bb form_field_font=\u00bbQuattrocento||||||||\u00bb custom_button=\u00bbon\u00bb button_text_size=\u00bb14px\u00bb button_text_color=\u00bb#FFFFFF\u00bb button_bg_color=\u00bb#E09900&#8243; button_border_width=\u00bb12px\u00bb button_border_color=\u00bb#E09900&#8243; button_border_radius=\u00bb0px\u00bb button_letter_spacing=\u00bb4px\u00bb button_font=\u00bbNunito Sans|700||on|||||\u00bb button_icon=\u00bb&#x24;||divi||400&#8243; custom_margin_tablet=\u00bb||80px|\u00bb custom_margin_phone=\u00bb\u00bb custom_margin_last_edited=\u00bbon|desktop\u00bb custom_padding_last_edited=\u00bboff|desktop\u00bb hover_enabled=\u00bb0&#8243; border_color_all=\u00bbrgba(51,51,51,0.12)\u00bb form_background_color=\u00bbrgba(0,0,0,0.05)\u00bb global_colors_info=\u00bb{}\u00bb sticky_enabled=\u00bb0&#8243;][et_pb_contact_field field_id=\u00bbName\u00bb field_title=\u00bbNombre\u00bb fullwidth_field=\u00bbon\u00bb _builder_version=\u00bb4.16&#8243; global_colors_info=\u00bb{}\u00bb button_text_size__hover_enabled=\u00bboff\u00bb button_one_text_size__hover_enabled=\u00bboff\u00bb button_two_text_size__hover_enabled=\u00bboff\u00bb button_text_color__hover_enabled=\u00bboff\u00bb button_one_text_color__hover_enabled=\u00bboff\u00bb button_two_text_color__hover_enabled=\u00bboff\u00bb button_border_width__hover_enabled=\u00bboff\u00bb button_one_border_width__hover_enabled=\u00bboff\u00bb button_two_border_width__hover_enabled=\u00bboff\u00bb button_border_color__hover_enabled=\u00bboff\u00bb button_one_border_color__hover_enabled=\u00bboff\u00bb button_two_border_color__hover_enabled=\u00bboff\u00bb button_border_radius__hover_enabled=\u00bboff\u00bb button_one_border_radius__hover_enabled=\u00bboff\u00bb button_two_border_radius__hover_enabled=\u00bboff\u00bb button_letter_spacing__hover_enabled=\u00bboff\u00bb button_one_letter_spacing__hover_enabled=\u00bboff\u00bb button_two_letter_spacing__hover_enabled=\u00bboff\u00bb button_bg_color__hover_enabled=\u00bboff\u00bb button_one_bg_color__hover_enabled=\u00bboff\u00bb button_two_bg_color__hover_enabled=\u00bboff\u00bb][\/et_pb_contact_field][et_pb_contact_field field_id=\u00bbEmail\u00bb field_title=\u00bbEmail Address\u00bb field_type=\u00bbemail\u00bb fullwidth_field=\u00bbon\u00bb _builder_version=\u00bb4.16&#8243; global_colors_info=\u00bb{}\u00bb button_text_size__hover_enabled=\u00bboff\u00bb button_one_text_size__hover_enabled=\u00bboff\u00bb button_two_text_size__hover_enabled=\u00bboff\u00bb button_text_color__hover_enabled=\u00bboff\u00bb button_one_text_color__hover_enabled=\u00bboff\u00bb button_two_text_color__hover_enabled=\u00bboff\u00bb button_border_width__hover_enabled=\u00bboff\u00bb button_one_border_width__hover_enabled=\u00bboff\u00bb button_two_border_width__hover_enabled=\u00bboff\u00bb button_border_color__hover_enabled=\u00bboff\u00bb button_one_border_color__hover_enabled=\u00bboff\u00bb button_two_border_color__hover_enabled=\u00bboff\u00bb button_border_radius__hover_enabled=\u00bboff\u00bb button_one_border_radius__hover_enabled=\u00bboff\u00bb button_two_border_radius__hover_enabled=\u00bboff\u00bb button_letter_spacing__hover_enabled=\u00bboff\u00bb button_one_letter_spacing__hover_enabled=\u00bboff\u00bb button_two_letter_spacing__hover_enabled=\u00bboff\u00bb button_bg_color__hover_enabled=\u00bboff\u00bb button_one_bg_color__hover_enabled=\u00bboff\u00bb button_two_bg_color__hover_enabled=\u00bboff\u00bb][\/et_pb_contact_field][et_pb_contact_field field_id=\u00bbtel\u00bb field_title=\u00bbTel\u00e9fono\u00bb allowed_symbols=\u00bbnumbers\u00bb fullwidth_field=\u00bbon\u00bb _builder_version=\u00bb4.16&#8243; _module_preset=\u00bbdefault\u00bb global_colors_info=\u00bb{}\u00bb][\/et_pb_contact_field][et_pb_contact_field field_id=\u00bbMessage\u00bb field_title=\u00bbMensaje\u00bb field_type=\u00bbtext\u00bb fullwidth_field=\u00bbon\u00bb _builder_version=\u00bb4.20.4&#8243; global_colors_info=\u00bb{}\u00bb button_text_size__hover_enabled=\u00bboff\u00bb button_one_text_size__hover_enabled=\u00bboff\u00bb button_two_text_size__hover_enabled=\u00bboff\u00bb button_text_color__hover_enabled=\u00bboff\u00bb button_one_text_color__hover_enabled=\u00bboff\u00bb button_two_text_color__hover_enabled=\u00bboff\u00bb button_border_width__hover_enabled=\u00bboff\u00bb button_one_border_width__hover_enabled=\u00bboff\u00bb button_two_border_width__hover_enabled=\u00bboff\u00bb button_border_color__hover_enabled=\u00bboff\u00bb button_one_border_color__hover_enabled=\u00bboff\u00bb button_two_border_color__hover_enabled=\u00bboff\u00bb button_border_radius__hover_enabled=\u00bboff\u00bb button_one_border_radius__hover_enabled=\u00bboff\u00bb button_two_border_radius__hover_enabled=\u00bboff\u00bb button_letter_spacing__hover_enabled=\u00bboff\u00bb button_one_letter_spacing__hover_enabled=\u00bboff\u00bb button_two_letter_spacing__hover_enabled=\u00bboff\u00bb button_bg_color__hover_enabled=\u00bboff\u00bb button_one_bg_color__hover_enabled=\u00bboff\u00bb button_two_bg_color__hover_enabled=\u00bboff\u00bb][\/et_pb_contact_field][et_pb_contact_field field_id=\u00bbField_5&#8243; field_title=\u00bbProtecci\u00f3n de datos personales\u00bb field_type=\u00bbcheckbox\u00bb checkbox_options=\u00bb%91{%22value%22:%22 Acepto el tratamiento de datos para enviar comunicaciones comerciales%22,%22checked%22:0,%22dragID%22:-1}%93&#8243; fullwidth_field=\u00bbon\u00bb _builder_version=\u00bb4.20.4&#8243; _module_preset=\u00bbdefault\u00bb hover_enabled=\u00bb0&#8243; global_colors_info=\u00bb{}\u00bb sticky_enabled=\u00bb0&#8243;][\/et_pb_contact_field][et_pb_contact_field field_id=\u00bbField_6&#8243; field_title=\u00bbUtilizaremos sus datos para responder consultas, enviar comunicaciones comerciales y realizar an\u00e1lisis estad\u00edsticos. Para m\u00e1s informaci\u00f3n sobre el tratamiento y sus derechos, consulte la pol\u00edtica de privacidad\u00bb field_type=\u00bbtext\u00bb required_mark=\u00bboff\u00bb fullwidth_field=\u00bbon\u00bb _builder_version=\u00bb4.20.4&#8243; _module_preset=\u00bbdefault\u00bb link_option_url=\u00bbhttps:\/\/www.atilanoanllo.com\/es\/content\/10-lopd\u00bb link_option_url_new_window=\u00bbon\u00bb hover_enabled=\u00bb0&#8243; global_colors_info=\u00bb{}\u00bb background_color=\u00bb#FFFFFF\u00bb background_enable_color=\u00bbon\u00bb sticky_enabled=\u00bb0&#8243;][\/et_pb_contact_field][\/et_pb_contact_form][\/et_pb_column][et_pb_column type=\u00bb1_3&#8243; _builder_version=\u00bb4.16&#8243; custom_padding=\u00bb|||\u00bb global_colors_info=\u00bb{}\u00bb custom_padding__hover=\u00bb|||\u00bb][et_pb_blurb title=\u00bbEstamos en\u00bb use_icon=\u00bbon\u00bb font_icon=\u00bb&#xe081;||divi||400&#8243; icon_color=\u00bb#E09900&#8243; icon_placement=\u00bbleft\u00bb image_icon_width=\u00bb32px\u00bb admin_label=\u00bbAddress\u00bb _builder_version=\u00bb4.16&#8243; header_font=\u00bbQuattrocento||||||||\u00bb header_font_size=\u00bb24px\u00bb header_line_height=\u00bb1.3em\u00bb body_font=\u00bbQuattrocento||||||||\u00bb body_font_size=\u00bb16px\u00bb body_line_height=\u00bb1.8em\u00bb icon_font_size=\u00bb32px\u00bb global_colors_info=\u00bb{}\u00bb]<\/p>\n<p><span>Pol\u00edgono Sete Pontes, R\u00faa do Casti\u00f1eiro, N\u00b06, 27800 Vilalba, Lugo<\/span><\/p>\n<p>[\/et_pb_blurb][et_pb_blurb title=\u00bbLl\u00e1manos\u00bb use_icon=\u00bbon\u00bb font_icon=\u00bb&#xe090;||divi||400&#8243; icon_color=\u00bb#E09900&#8243; icon_placement=\u00bbleft\u00bb image_icon_width=\u00bb32px\u00bb admin_label=\u00bbPhone\u00bb _builder_version=\u00bb4.16&#8243; header_font=\u00bbQuattrocento||||||||\u00bb header_font_size=\u00bb24px\u00bb header_line_height=\u00bb1.3em\u00bb body_font=\u00bbQuattrocento||||||||\u00bb body_font_size=\u00bb16px\u00bb body_line_height=\u00bb1.8em\u00bb icon_font_size=\u00bb32px\u00bb global_colors_info=\u00bb{}\u00bb]<\/p>\n<p><span style=\"color: #333333;\"><a data-dtype=\"d3ifr\" data-local-attribute=\"d3ph\" jscontroller=\"cSkPLb\" href=\"https:\/\/www.google.com\/search?q=atilano+anllo&amp;oq=atilano+anllo&amp;aqs=chrome..69i57j35i39j0i22i30l2j69i60l3.2930j0j7&amp;sourceid=chrome&amp;ie=UTF-8#\" jsdata=\"QKGTRc;_;BOTdck\" jsaction=\"rcuQ6b:npT2md;F75qrd\" data-ved=\"2ahUKEwjq8daCqMHwAhUm4YUKHXz4BIoQkAgoADAgegQIKhAD\" style=\"color: #333333;\">982 51 18 48<\/a><\/span><\/p>\n<p>[\/et_pb_blurb][et_pb_blurb title=\u00bbEmail\u00bb use_icon=\u00bbon\u00bb font_icon=\u00bb&#xe076;||divi||400&#8243; icon_color=\u00bb#E09900&#8243; icon_placement=\u00bbleft\u00bb image_icon_width=\u00bb32px\u00bb admin_label=\u00bbEmail\u00bb _builder_version=\u00bb4.16&#8243; header_font=\u00bbQuattrocento||||||||\u00bb header_font_size=\u00bb24px\u00bb header_line_height=\u00bb1.3em\u00bb body_font=\u00bbQuattrocento||||||||\u00bb body_font_size=\u00bb16px\u00bb body_line_height=\u00bb1.8em\u00bb icon_font_size=\u00bb32px\u00bb global_colors_info=\u00bb{}\u00bb]<\/p>\n<p><span style=\"color: #333300;\"><a href=\"mailto:hola@atilanoanllo.com\" style=\"color: #333300;\">hola@atilanoanllo.com<\/a><\/span><\/p>\n<p>[\/et_pb_blurb][\/et_pb_column][\/et_pb_row][et_pb_row column_structure=\u00bb1_4,1_4,1_4,1_4&#8243; _builder_version=\u00bb4.16&#8243; _module_preset=\u00bbdefault\u00bb global_colors_info=\u00bb{}\u00bb][et_pb_column type=\u00bb1_4&#8243; _builder_version=\u00bb4.16&#8243; _module_preset=\u00bbdefault\u00bb global_colors_info=\u00bb{}\u00bb][et_pb_image src=\u00bbhttps:\/\/www.atilanoanllo.com\/productos-gallegos\/wp-content\/uploads\/2021\/10\/Grandio-Atilano-Anllo-CasaLouran-600&#215;900-2.jpg\u00bb alt=\u00bbjamon atilano \u00bb title_text=\u00bbGrandio-Atilano-Anllo-CasaLouran-600&#215;900&#8243; _builder_version=\u00bb4.16&#8243; _module_preset=\u00bbdefault\u00bb global_colors_info=\u00bb{}\u00bb][\/et_pb_image][\/et_pb_column][et_pb_column type=\u00bb1_4&#8243; _builder_version=\u00bb4.16&#8243; _module_preset=\u00bbdefault\u00bb global_colors_info=\u00bb{}\u00bb][et_pb_image src=\u00bbhttps:\/\/www.atilanoanllo.com\/productos-gallegos\/wp-content\/uploads\/2021\/10\/Atilano-Anllo-600&#215;900-1.jpg\u00bb alt=\u00bbjamon cena anllo\u00bb title_text=\u00bbAtilano-Anllo-600&#215;900&#8243; _builder_version=\u00bb4.16&#8243; _module_preset=\u00bbdefault\u00bb global_colors_info=\u00bb{}\u00bb][\/et_pb_image][\/et_pb_column][et_pb_column type=\u00bb1_4&#8243; _builder_version=\u00bb4.16&#8243; _module_preset=\u00bbdefault\u00bb global_colors_info=\u00bb{}\u00bb][et_pb_image src=\u00bbhttps:\/\/www.atilanoanllo.com\/productos-gallegos\/wp-content\/uploads\/2021\/10\/Grandio-AtilanoAnllo-600&#215;900-1.jpg\u00bb alt=\u00bbjamon antilano chorizo\u00bb title_text=\u00bbGrandio-AtilanoAnllo-600&#215;900&#8243; _builder_version=\u00bb4.16&#8243; _module_preset=\u00bbdefault\u00bb global_colors_info=\u00bb{}\u00bb][\/et_pb_image][\/et_pb_column][et_pb_column type=\u00bb1_4&#8243; _builder_version=\u00bb4.16&#8243; _module_preset=\u00bbdefault\u00bb global_colors_info=\u00bb{}\u00bb][et_pb_image src=\u00bbhttps:\/\/www.atilanoanllo.com\/productos-gallegos\/wp-content\/uploads\/2021\/10\/Grandio-AtilanoAnllo-Casa-600&#215;900-1.jpg\u00bb alt=\u00bbatillano anllo\u00bb title_text=\u00bbGrandio-AtilanoAnllo-Casa-600&#215;900&#8243; _builder_version=\u00bb4.16&#8243; _module_preset=\u00bbdefault\u00bb global_colors_info=\u00bb{}\u00bb][\/et_pb_image][\/et_pb_column][\/et_pb_row][\/et_pb_section][et_pb_section fb_built=\u00bb1&#8243; fullwidth=\u00bbon\u00bb admin_label=\u00bbMap Section\u00bb _builder_version=\u00bb4.16&#8243; global_colors_info=\u00bb{}\u00bb][et_pb_fullwidth_map address=\u00bbVillalba, Lugo, Espa\u00f1a\u00bb zoom_level=\u00bb11&#8243; address_lat=\u00bb43.308170958191&#8243; address_lng=\u00bb-7.6726177845947&#8243; mouse_wheel=\u00bboff\u00bb _builder_version=\u00bb4.16&#8243; filter_saturate=\u00bb0%\u00bb global_colors_info=\u00bb{}\u00bb][et_pb_map_pin title=\u00bbAtilano Anllo\u00bb pin_address=\u00bbPol\u00edgono Sete Pontes, R\u00faa do Casti\u00f1eiro, N\u00b06, 27800 Vilalba, Lugo, Espa\u00f1a\u00bb pin_address_lat=\u00bb43.3090003&#8243; pin_address_lng=\u00bb-7.6636004&#8243; _builder_version=\u00bb4.10.4&#8243; global_colors_info=\u00bb{}\u00bb]<\/p>\n<p style=\"text-align: center;\"><a href=\"https:\/\/www.google.com\/maps\/dir\/\/atilano+anllo\/@43.2381726,-7.6637708,12z\/data=!3m1!5s0xd31e428cce94665:0xfce26666457ea848!4m8!4m7!1m0!1m5!1m1!1s0xd31cf012bb2bca7:0xf572be146901e3bb!2m2!1d-7.6635382!2d43.3090085\">COMO LLEGAR<\/a><\/p>\n<p>[\/et_pb_map_pin][\/et_pb_fullwidth_map][\/et_pb_section][et_pb_section fb_built=\u00bb1&#8243; _builder_version=\u00bb4.16&#8243; use_background_color_gradient=\u00bbon\u00bb background_color_gradient_stops=\u00bb#000000 0%|rgba(255,255,255,0) 100%\u00bb background_color_gradient_overlays_image=\u00bbon\u00bb background_color_gradient_start=\u00bb#000000&#8243; background_color_gradient_end=\u00bbrgba(255,255,255,0)\u00bb background_image=\u00bbhttps:\/\/www.atilanoanllo.com\/productos-gallegos\/wp-content\/uploads\/2021\/10\/AtilanoAnllo_CasaLouran-900&#215;400-1.jpg\u00bb background_position=\u00bbtop_center\u00bb custom_padding=\u00bb20%|0px|120px|0px\u00bb background_color_gradient_stops_tablet=\u00bb#000000 0%|rgba(255,255,255,0) 100%\u00bb background_color_gradient_stops_phone=\u00bb#000000 0%|rgba(255,255,255,0) 100%\u00bb global_module=\u00bb118&#8243; saved_tabs=\u00bball\u00bb collapsed=\u00bboff\u00bb global_colors_info=\u00bb{}\u00bb][et_pb_row _builder_version=\u00bb4.16&#8243; collapsed=\u00bboff\u00bb global_colors_info=\u00bb{}\u00bb][et_pb_column type=\u00bb4_4&#8243; _builder_version=\u00bb4.16&#8243; custom_padding=\u00bb|||\u00bb global_colors_info=\u00bb{}\u00bb custom_padding__hover=\u00bb|||\u00bb][et_pb_social_media_follow _builder_version=\u00bb4.16&#8243; text_orientation=\u00bbcenter\u00bb locked=\u00bboff\u00bb global_colors_info=\u00bb{}\u00bb][et_pb_social_media_follow_network social_network=\u00bbfacebook\u00bb url=\u00bbhttps:\/\/www.facebook.com\/JamonesAtilanoAnllo\u00bb _builder_version=\u00bb4.16&#8243; background_color=\u00bbrgba(0,0,0,0.26)\u00bb custom_margin=\u00bb8px|8px|8px|8px\u00bb custom_padding=\u00bb6px|6px|6px|6px\u00bb border_radii=\u00bbon||||\u00bb global_colors_info=\u00bb{}\u00bb follow_button=\u00bboff\u00bb url_new_window=\u00bbon\u00bb]facebook[\/et_pb_social_media_follow_network][et_pb_social_media_follow_network social_network=\u00bbinstagram\u00bb url=\u00bbhttps:\/\/www.instagram.com\/jamonesatilanoanllo\/?hl=es\u00bb _builder_version=\u00bb4.16&#8243; background_color=\u00bbrgba(0,0,0,0.26)\u00bb custom_margin=\u00bb8px|8px|8px|8px\u00bb custom_padding=\u00bb6px|6px|6px|6px\u00bb border_radii=\u00bbon||||\u00bb global_colors_info=\u00bb{}\u00bb follow_button=\u00bboff\u00bb url_new_window=\u00bbon\u00bb]instagram[\/et_pb_social_media_follow_network][\/et_pb_social_media_follow][\/et_pb_column][\/et_pb_row][\/et_pb_section]<\/p>\n","protected":false},"excerpt":{"rendered":"<p>Nos gusta escucharte Puedes escribirnos para todo lo que necesites saber o cualquier duda que tengas.\u00a1Hola!Os dejamos varias formas de contactar con nosotros.Pol\u00edgono Sete Pontes, R\u00faa do Casti\u00f1eiro, N\u00b06, 27800 Vilalba, Lugo982 51 18 48hola@atilanoanllo.comCOMO LLEGAR<\/p>\n","protected":false},"author":1,"featured_media":0,"parent":0,"menu_order":0,"comment_status":"closed","ping_status":"closed","template":"","meta":{"_et_pb_use_builder":"on","_et_pb_old_content":"","_et_gb_content_width":"","footnotes":""},"class_list":["post-197","page","type-page","status-publish","hentry"],"yoast_head":"<!-- This site is optimized with the Yoast SEO plugin v20.5 - https:\/\/yoast.com\/wordpress\/plugins\/seo\/ -->\n<title>Contacto y Situaci\u00f3n - Atilano Anllo<\/title>\n<meta name=\"robots\" content=\"noindex, follow\" \/>\n<meta property=\"og:locale\" content=\"es_ES\" \/>\n<meta property=\"og:type\" content=\"article\" \/>\n<meta property=\"og:title\" content=\"Contacto y Situaci\u00f3n - Atilano Anllo\" \/>\n<meta property=\"og:description\" content=\"Nos gusta escucharte Puedes escribirnos para todo lo que necesites saber o cualquier duda que tengas.\u00a1Hola!Os dejamos varias formas de contactar con nosotros.Pol\u00edgono Sete Pontes, R\u00faa do Casti\u00f1eiro, N\u00b06, 27800 Vilalba, Lugo982 51 18 48hola@atilanoanllo.comCOMO LLEGAR\" \/>\n<meta property=\"og:url\" content=\"https:\/\/www.atilanoanllo.com\/productos-gallegos\/contacto-y-situacion\/\" \/>\n<meta property=\"og:site_name\" content=\"Atilano Anllo\" \/>\n<meta property=\"article:modified_time\" content=\"2024-07-18T08:59:56+00:00\" \/>\n<meta name=\"twitter:card\" content=\"summary_large_image\" \/>\n<meta name=\"twitter:label1\" content=\"Tiempo de lectura\" \/>\n\t<meta name=\"twitter:data1\" content=\"3 minutos\" \/>\n<script type=\"application\/ld+json\" class=\"yoast-schema-graph\">{\"@context\":\"https:\/\/schema.org\",\"@graph\":[{\"@type\":\"WebPage\",\"@id\":\"https:\/\/www.atilanoanllo.com\/productos-gallegos\/contacto-y-situacion\/\",\"url\":\"https:\/\/www.atilanoanllo.com\/productos-gallegos\/contacto-y-situacion\/\",\"name\":\"Contacto y Situaci\u00f3n - Atilano Anllo\",\"isPartOf\":{\"@id\":\"https:\/\/www.atilanoanllo.com\/productos-gallegos\/#website\"},\"datePublished\":\"2021-05-20T11:18:47+00:00\",\"dateModified\":\"2024-07-18T08:59:56+00:00\",\"breadcrumb\":{\"@id\":\"https:\/\/www.atilanoanllo.com\/productos-gallegos\/contacto-y-situacion\/#breadcrumb\"},\"inLanguage\":\"es\",\"potentialAction\":[{\"@type\":\"ReadAction\",\"target\":[\"https:\/\/www.atilanoanllo.com\/productos-gallegos\/contacto-y-situacion\/\"]}]},{\"@type\":\"BreadcrumbList\",\"@id\":\"https:\/\/www.atilanoanllo.com\/productos-gallegos\/contacto-y-situacion\/#breadcrumb\",\"itemListElement\":[{\"@type\":\"ListItem\",\"position\":1,\"name\":\"Portada\",\"item\":\"https:\/\/www.atilanoanllo.com\/productos-gallegos\/\"},{\"@type\":\"ListItem\",\"position\":2,\"name\":\"Contacto y Situaci\u00f3n\"}]},{\"@type\":\"WebSite\",\"@id\":\"https:\/\/www.atilanoanllo.com\/productos-gallegos\/#website\",\"url\":\"https:\/\/www.atilanoanllo.com\/productos-gallegos\/\",\"name\":\"Atilano Anllo\",\"description\":\"Tradici&oacute;n Gallega\",\"potentialAction\":[{\"@type\":\"SearchAction\",\"target\":{\"@type\":\"EntryPoint\",\"urlTemplate\":\"https:\/\/www.atilanoanllo.com\/productos-gallegos\/?s={search_term_string}\"},\"query-input\":\"required name=search_term_string\"}],\"inLanguage\":\"es\"}]}<\/script>\n<!-- \/ Yoast SEO plugin. -->","yoast_head_json":{"title":"Contacto y Situaci\u00f3n - Atilano Anllo","robots":{"index":"noindex","follow":"follow"},"og_locale":"es_ES","og_type":"article","og_title":"Contacto y Situaci\u00f3n - Atilano Anllo","og_description":"Nos gusta escucharte Puedes escribirnos para todo lo que necesites saber o cualquier duda que tengas.\u00a1Hola!Os dejamos varias formas de contactar con nosotros.Pol\u00edgono Sete Pontes, R\u00faa do Casti\u00f1eiro, N\u00b06, 27800 Vilalba, Lugo982 51 18 48hola@atilanoanllo.comCOMO LLEGAR","og_url":"https:\/\/www.atilanoanllo.com\/productos-gallegos\/contacto-y-situacion\/","og_site_name":"Atilano Anllo","article_modified_time":"2024-07-18T08:59:56+00:00","twitter_card":"summary_large_image","twitter_misc":{"Tiempo de lectura":"3 minutos"},"schema":{"@context":"https:\/\/schema.org","@graph":[{"@type":"WebPage","@id":"https:\/\/www.atilanoanllo.com\/productos-gallegos\/contacto-y-situacion\/","url":"https:\/\/www.atilanoanllo.com\/productos-gallegos\/contacto-y-situacion\/","name":"Contacto y Situaci\u00f3n - Atilano Anllo","isPartOf":{"@id":"https:\/\/www.atilanoanllo.com\/productos-gallegos\/#website"},"datePublished":"2021-05-20T11:18:47+00:00","dateModified":"2024-07-18T08:59:56+00:00","breadcrumb":{"@id":"https:\/\/www.atilanoanllo.com\/productos-gallegos\/contacto-y-situacion\/#breadcrumb"},"inLanguage":"es","potentialAction":[{"@type":"ReadAction","target":["https:\/\/www.atilanoanllo.com\/productos-gallegos\/contacto-y-situacion\/"]}]},{"@type":"BreadcrumbList","@id":"https:\/\/www.atilanoanllo.com\/productos-gallegos\/contacto-y-situacion\/#breadcrumb","itemListElement":[{"@type":"ListItem","position":1,"name":"Portada","item":"https:\/\/www.atilanoanllo.com\/productos-gallegos\/"},{"@type":"ListItem","position":2,"name":"Contacto y Situaci\u00f3n"}]},{"@type":"WebSite","@id":"https:\/\/www.atilanoanllo.com\/productos-gallegos\/#website","url":"https:\/\/www.atilanoanllo.com\/productos-gallegos\/","name":"Atilano Anllo","description":"Tradici&oacute;n Gallega","potentialAction":[{"@type":"SearchAction","target":{"@type":"EntryPoint","urlTemplate":"https:\/\/www.atilanoanllo.com\/productos-gallegos\/?s={search_term_string}"},"query-input":"required name=search_term_string"}],"inLanguage":"es"}]}},"_links":{"self":[{"href":"https:\/\/www.atilanoanllo.com\/productos-gallegos\/wp-json\/wp\/v2\/pages\/197","targetHints":{"allow":["GET"]}}],"collection":[{"href":"https:\/\/www.atilanoanllo.com\/productos-gallegos\/wp-json\/wp\/v2\/pages"}],"about":[{"href":"https:\/\/www.atilanoanllo.com\/productos-gallegos\/wp-json\/wp\/v2\/types\/page"}],"author":[{"embeddable":true,"href":"https:\/\/www.atilanoanllo.com\/productos-gallegos\/wp-json\/wp\/v2\/users\/1"}],"replies":[{"embeddable":true,"href":"https:\/\/www.atilanoanllo.com\/productos-gallegos\/wp-json\/wp\/v2\/comments?post=197"}],"version-history":[{"count":16,"href":"https:\/\/www.atilanoanllo.com\/productos-gallegos\/wp-json\/wp\/v2\/pages\/197\/revisions"}],"predecessor-version":[{"id":1542,"href":"https:\/\/www.atilanoanllo.com\/productos-gallegos\/wp-json\/wp\/v2\/pages\/197\/revisions\/1542"}],"wp:attachment":[{"href":"https:\/\/www.atilanoanllo.com\/productos-gallegos\/wp-json\/wp\/v2\/media?parent=197"}],"curies":[{"name":"wp","href":"https:\/\/api.w.org\/{rel}","templated":true}]}}